{"id":39725,"date":"2025-04-28T12:13:27","date_gmt":"2025-04-28T10:13:27","guid":{"rendered":"https:\/\/www.digitalizewallonie.be\/?page_id=39725"},"modified":"2025-04-28T12:21:06","modified_gmt":"2025-04-28T10:21:06","slug":"accueil-fin-dactivite","status":"publish","type":"page","link":"https:\/\/www.digitalizewallonie.be\/fr\/","title":{"rendered":"Accueil \u2013 Fin d\u2019activit\u00e9"},"content":{"rendered":"\t\t<div data-elementor-type=\"wp-page\" data-elementor-id=\"39725\" class=\"elementor elementor-39725\" data-elementor-post-type=\"page\">\n\t\t\t\t<div class=\"elementor-element elementor-element-ad33c34 e-flex e-con-boxed e-con e-parent\" data-id=\"ad33c34\" data-element_type=\"container\" data-settings=\"{&quot;background_background&quot;:&quot;classic&quot;}\">\n\t\t\t\t\t<div class=\"e-con-inner\">\n\t\t\t\t<div class=\"elementor-element elementor-element-81ddacd elementor-widget elementor-widget-heading\" data-id=\"81ddacd\" data-element_type=\"widget\" data-widget_type=\"heading.default\">\n\t\t\t\t<div class=\"elementor-widget-container\">\n\t\t\t\t\t<h1 class=\"elementor-heading-title elementor-size-default\">Une page se tourne !<\/h1>\t\t\t\t<\/div>\n\t\t\t\t<\/div>\n\t\t\t\t<div class=\"elementor-element elementor-element-03ed3e5 elementor-widget elementor-widget-text-editor\" data-id=\"03ed3e5\" data-element_type=\"widget\" data-widget_type=\"text-editor.default\">\n\t\t\t\t<div class=\"elementor-widget-container\">\n\t\t\t\t\t\t\t\t\t<p>Apr\u00e8s quatre \u00e9ditions, l\u2019aventure Digitalize s\u2019arr\u00eate ici.<\/p><p>L\u2019enthousiasme de nos visiteurs et de nos exposants ont \u00e9t\u00e9 un \u00e9l\u00e9ment cl\u00e9 du succ\u00e8s ces quatres derni\u00e8res ann\u00e9es, et c\u2019est avec une grande fiert\u00e9 que nous avons eu l\u2019opportunit\u00e9 de collaborer avec chacun d\u2019entre vous.<\/p><p>Nous vous souhaitons le meilleur dans vos projets futurs et esp\u00e9rons que les liens cr\u00e9\u00e9s au fil des \u00e9ditions continueront \u00e0 porter leurs fruits.<br \/><br \/>Fid\u00e8le \u00e0 sa mission d\u2019innovation et de dynamisme, Easyfairs continue de proposer des \u00e9v\u00e9nements innovants. D\u00e9couvrez ici d\u2019autres salons et opportunit\u00e9s de r\u00e9seautage qui pourraient r\u00e9pondre \u00e0 vos attentes :<\/p>\t\t\t\t\t\t\t\t<\/div>\n\t\t\t\t<\/div>\n\t\t\t\t<div class=\"elementor-element elementor-element-aa43b45 elementor-widget elementor-widget-button\" data-id=\"aa43b45\" data-element_type=\"widget\" data-widget_type=\"button.default\">\n\t\t\t\t<div class=\"elementor-widget-container\">\n\t\t\t\t\t\t\t\t\t<div class=\"elementor-button-wrapper\">\n\t\t\t\t\t<a class=\"elementor-button elementor-button-link elementor-size-sm\" href=\"https:\/\/www.easyfairs.com\/events\/\">\n\t\t\t\t\t\t<span class=\"elementor-button-content-wrapper\">\n\t\t\t\t\t\t\t\t\t<span class=\"elementor-button-text\">Consulter le calendrier<\/span>\n\t\t\t\t\t<\/span>\n\t\t\t\t\t<\/a>\n\t\t\t\t<\/div>\n\t\t\t\t\t\t\t\t<\/div>\n\t\t\t\t<\/div>\n\t\t\t\t<div class=\"elementor-element elementor-element-d9d1b4e elementor-widget__width-initial elementor-skin-carousel elementor-arrows-yes elementor-widget elementor-widget-media-carousel\" data-id=\"d9d1b4e\" data-element_type=\"widget\" data-settings=\"{&quot;slides_per_view&quot;:&quot;2&quot;,&quot;slides_to_scroll&quot;:&quot;1&quot;,&quot;space_between&quot;:{&quot;unit&quot;:&quot;px&quot;,&quot;size&quot;:20,&quot;sizes&quot;:[]},&quot;skin&quot;:&quot;carousel&quot;,&quot;effect&quot;:&quot;slide&quot;,&quot;show_arrows&quot;:&quot;yes&quot;,&quot;speed&quot;:500,&quot;autoplay&quot;:&quot;yes&quot;,&quot;autoplay_speed&quot;:5000,&quot;loop&quot;:&quot;yes&quot;,&quot;pause_on_hover&quot;:&quot;yes&quot;,&quot;pause_on_interaction&quot;:&quot;yes&quot;,&quot;space_between_tablet&quot;:{&quot;unit&quot;:&quot;px&quot;,&quot;size&quot;:10,&quot;sizes&quot;:[]},&quot;space_between_mobile&quot;:{&quot;unit&quot;:&quot;px&quot;,&quot;size&quot;:10,&quot;sizes&quot;:[]}}\" data-widget_type=\"media-carousel.default\">\n\t\t\t\t<div class=\"elementor-widget-container\">\n\t\t\t\t\t\t\t\t\t<div class=\"elementor-swiper\">\n\t\t\t\t\t<div class=\"elementor-main-swiper swiper\" role=\"region\" aria-roledescription=\"carousel\" aria-label=\"Slides\">\n\t\t\t\t<div class=\"swiper-wrapper\">\n\t\t\t\t\t\t\t\t\t\t\t<div class=\"swiper-slide\" role=\"group\" aria-roledescription=\"slide\">\n\t\t\t\t\t\t\t\t\t<div class=\"elementor-carousel-image\" role=\"img\" aria-label=\"Digitalize 2025 - se\u0301bastien roberty BD (89)\" style=\"background-image: url(&#039;https:\/\/easyfairsassets.com\/sites\/24\/2025\/04\/Digitalize-2025-sebastien-roberty-BD-89.jpg&#039;)\">\n\n\t\t\t\n\t\t\t\t\t<\/div>\n\t\t\t\t\t\t\t\t<\/div>\n\t\t\t\t\t\t\t\t\t\t\t<div class=\"swiper-slide\" role=\"group\" aria-roledescription=\"slide\">\n\t\t\t\t\t\t\t\t\t<div class=\"elementor-carousel-image\" role=\"img\" aria-label=\"Digitalize 2025 - se\u0301bastien roberty BD (87)\" style=\"background-image: url(&#039;https:\/\/easyfairsassets.com\/sites\/24\/2025\/04\/Digitalize-2025-sebastien-roberty-BD-87.jpg&#039;)\">\n\n\t\t\t\n\t\t\t\t\t<\/div>\n\t\t\t\t\t\t\t\t<\/div>\n\t\t\t\t\t\t\t\t\t\t\t<div class=\"swiper-slide\" role=\"group\" aria-roledescription=\"slide\">\n\t\t\t\t\t\t\t\t\t<div class=\"elementor-carousel-image\" role=\"img\" aria-label=\"Digitalize 2025 - se\u0301bastien roberty BD (71)\" style=\"background-image: url(&#039;https:\/\/easyfairsassets.com\/sites\/24\/2025\/04\/Digitalize-2025-sebastien-roberty-BD-71.jpg&#039;)\">\n\n\t\t\t\n\t\t\t\t\t<\/div>\n\t\t\t\t\t\t\t\t<\/div>\n\t\t\t\t\t\t\t\t\t\t\t<div class=\"swiper-slide\" role=\"group\" aria-roledescription=\"slide\">\n\t\t\t\t\t\t\t\t\t<div class=\"elementor-carousel-image\" role=\"img\" aria-label=\"Digitalize 2025 - se\u0301bastien roberty BD (29)\" style=\"background-image: url(&#039;https:\/\/easyfairsassets.com\/sites\/24\/2025\/04\/Digitalize-2025-sebastien-roberty-BD-29.jpg&#039;)\">\n\n\t\t\t\n\t\t\t\t\t<\/div>\n\t\t\t\t\t\t\t\t<\/div>\n\t\t\t\t\t\t\t\t\t\t\t<div class=\"swiper-slide\" role=\"group\" aria-roledescription=\"slide\">\n\t\t\t\t\t\t\t\t\t<div class=\"elementor-carousel-image\" role=\"img\" aria-label=\"Digitalize 2025 - se\u0301bastien roberty BD (8)\" style=\"background-image: url(&#039;https:\/\/easyfairsassets.com\/sites\/24\/2025\/04\/Digitalize-2025-sebastien-roberty-BD-8.jpg&#039;)\">\n\n\t\t\t\n\t\t\t\t\t<\/div>\n\t\t\t\t\t\t\t\t<\/div>\n\t\t\t\t\t\t\t\t\t<\/div>\n\t\t\t\t\t\t\t\t\t\t\t\t\t\t\t<div class=\"elementor-swiper-button elementor-swiper-button-prev\" role=\"button\" tabindex=\"0\" aria-label=\"Previous\">\n\t\t\t\t\t\t\t<i aria-hidden=\"true\" class=\"eicon-chevron-left\"><\/i>\t\t\t\t\t\t<\/div>\n\t\t\t\t\t\t<div class=\"elementor-swiper-button elementor-swiper-button-next\" role=\"button\" tabindex=\"0\" aria-label=\"Next\">\n\t\t\t\t\t\t\t<i aria-hidden=\"true\" class=\"eicon-chevron-right\"><\/i>\t\t\t\t\t\t<\/div>\n\t\t\t\t\t\t\t\t\t\t\t\t\t\t\t\t\t<\/div>\n\t\t\t\t<\/div>\n\t\t\t\t\t\t\t\t<\/div>\n\t\t\t\t<\/div>\n\t\t\t\t\t<\/div>\n\t\t\t\t<\/div>\n\t\t\t\t<\/div>\n\t\t","protected":false},"excerpt":{"rendered":"<p>Une page se tourne ! Apr\u00e8s quatre \u00e9ditions, l\u2019aventure Digitalize s\u2019arr\u00eate ici. L\u2019enthousiasme de nos visiteurs et de nos exposants ont \u00e9t\u00e9 un \u00e9l\u00e9ment cl\u00e9 du succ\u00e8s ces quatres derni\u00e8res ann\u00e9es, et c\u2019est avec une grande fiert\u00e9 que nous avons eu l\u2019opportunit\u00e9 de collaborer avec chacun d\u2019entre vous. Nous vous souhaitons le meilleur dans vos [&hellip;]<\/p>\n","protected":false},"author":949,"featured_media":0,"parent":0,"menu_order":0,"comment_status":"closed","ping_status":"closed","template":"","meta":{"_seopress_robots_primary_cat":"","_seopress_titles_title":"Digitalize Wallonie","_seopress_titles_desc":"Apr\u00e8s quatre \u00e9ditions, l\u2019aventure Digitalize s\u2019arr\u00eate ici. Nous remercions tous les exposants et visiteurs ! D\u00e9couvrez ici d\u2019autres \u00e9v\u00e9nements Easyfairs pertinents.","_seopress_robots_index":"","footnotes":""},"class_list":["post-39725","page","type-page","status-publish","hentry"],"_links":{"self":[{"href":"https:\/\/www.digitalizewallonie.be\/fr\/wp-json\/wp\/v2\/pages\/39725","targetHints":{"allow":["GET"]}}],"collection":[{"href":"https:\/\/www.digitalizewallonie.be\/fr\/wp-json\/wp\/v2\/pages"}],"about":[{"href":"https:\/\/www.digitalizewallonie.be\/fr\/wp-json\/wp\/v2\/types\/page"}],"author":[{"embeddable":true,"href":"https:\/\/www.digitalizewallonie.be\/fr\/wp-json\/wp\/v2\/users\/949"}],"replies":[{"embeddable":true,"href":"https:\/\/www.digitalizewallonie.be\/fr\/wp-json\/wp\/v2\/comments?post=39725"}],"version-history":[{"count":5,"href":"https:\/\/www.digitalizewallonie.be\/fr\/wp-json\/wp\/v2\/pages\/39725\/revisions"}],"predecessor-version":[{"id":39758,"href":"https:\/\/www.digitalizewallonie.be\/fr\/wp-json\/wp\/v2\/pages\/39725\/revisions\/39758"}],"wp:attachment":[{"href":"https:\/\/www.digitalizewallonie.be\/fr\/wp-json\/wp\/v2\/media?parent=39725"}],"curies":[{"name":"wp","href":"https:\/\/api.w.org\/{rel}","templated":true}]}}